{"id":556,"date":"2021-12-23T13:55:49","date_gmt":"2021-12-23T13:55:49","guid":{"rendered":"http:\/\/egdlogistics.com\/?page_id=556"},"modified":"2022-02-16T12:58:50","modified_gmt":"2022-02-16T12:58:50","slug":"politica-de-privacitat","status":"publish","type":"page","link":"https:\/\/egdlogistics.com\/ca\/politica-de-privacitat\/","title":{"rendered":"Pol\u00edtica de privacitat"},"content":{"rendered":"\n<h2 class=\"wp-block-heading\" id=\"politica-de-privacitat\">Pol\u00edtica de privacitat<\/h2>\n\n\n\n<p>La p\u00e0gina web&nbsp;www.egdlogistics.com&nbsp;obt\u00e9 dades de car\u00e0cter personal a trav\u00e9s dels formularis de contacte de la p\u00e0gina web, d&#8217;aquelles persones que remetin alguna consulta, sol\u00b7licitud i\/o comentari, aix\u00ed com a trav\u00e9s de les cookies t\u00e8cniques i de tercers que existeixen en la p\u00e0gina web. Tota aquesta informaci\u00f3 remesa a trav\u00e9s dels formularis de contacte via web quedar\u00e0 incorporada als sistemes d&#8217;informaci\u00f3 de EGD LOGISTICS, S.L., amb CIF B-66587833 que compleixen amb les mesures de seguretat exigides a fi de garantir la confidencialitat, integritat, seguretat i recuperaci\u00f3 de la informaci\u00f3.<\/p>\n\n\n\n<p>De conformitat amb la normativa vigent en Protecci\u00f3 de dades, en concret, del Reglament (UE) 2016\/679 del Parlament Europeu i del Consell, de 27 d&#8217;abril de 2016, relatiu a la protecci\u00f3 de dades, aquesta informaci\u00f3 s&#8217;utilitzar\u00e0 per a atendre la seva petici\u00f3 d&#8217;informaci\u00f3 o la seva consulta.<\/p>\n\n\n\n<p>Aix\u00ed mateix, si ens autoritza expressament, podem utilitzar la dada del seu correu electr\u00f2nic per a fer-li arribar informaci\u00f3 de les nostres activitats i novetats de l\u2019\u00e0mbit acad\u00e8mic i universitari.<\/p>\n\n\n\n<p>Les seves dades es conservaran de manera indefinida mentre vulgui continuar rebent les nostres comunicacions. Sent el seu consentiment revocable, aquest podr\u00e0 ser retirat en qualsevol moment a trav\u00e9s del link que acompanya cada enviament per a comunicar-nos la seva BAIXA o b\u00e9 a trav\u00e9s d&#8217;un correu electr\u00f2nic a l&#8217;adre\u00e7a&nbsp;marketing@egdlogistics.com. Des d&#8217;aquest moment, ja no rebr\u00e0 cap comunicaci\u00f3 per part nostra.<\/p>\n\n\n\n<p>La base jur\u00eddica per a aquest tractament \u00e9s, per tant, el consentiment que ens presta a trav\u00e9s de l&#8217;acceptaci\u00f3 d&#8217;aquesta&nbsp;Pol\u00edtica de&nbsp;privacitat.<\/p>\n\n\n\n<p>No es procedir\u00e0 a la comunicaci\u00f3 ni cessi\u00f3 de les seves dades, exceptuant qualsevol organisme p\u00fablic que per Llei ho sol\u00b7licit\u00e9s, els prove\u00efdors que donen servei de manteniment dels sistemes d&#8217;informaci\u00f3 i l&#8217;empresa contractada amb la qual mantenim el hosting de la p\u00e0gina web i del correu electr\u00f2nic, amb les quals s&#8217;han subscrit els oportuns contractes per enc\u00e0rrec de tractament.<\/p>\n\n\n\n<p>Vost\u00e8 t\u00e9 dret a obtenir confirmaci\u00f3 sobre si estem tractant les seves dades personals, per tant, t\u00e9 dret a accedir a les seves dades personals (Dret d&#8217;Acc\u00e9s), t\u00e9 dret a rectificar les dades inexactes (Dret de Rectificaci\u00f3) o sol\u00b7licitar la seva supressi\u00f3 (Dret de supressi\u00f3) quan les dades ja no siguin necessaris, t\u00e9 dret a exercitar la seva oposici\u00f3 al tractament de dades (Dret d&#8217;oposici\u00f3), a exercitar el seu dret a la limitaci\u00f3 al tractament, aix\u00ed com tindr\u00e0 dret a la portabilitat de les seves dades, de ser el cas. Tot aix\u00f2 mitjan\u00e7ant&nbsp;escrit dirigit a les nostres adreces d&#8217;acc\u00e9s en&nbsp;Pol\u00edgono Les Arenelles Nave 6, Vila-rodona, 43814, Tarragona o b\u00e9 mitjan\u00e7ant correu a&nbsp;www.egdlogistics.com, de conformitat amb el procediment dels articles 15 a 23 del Reglament (UE) 2016\/679 del Parlament Europeu i del Consell, de 27 d&#8217;abril de 2016. L&#8217;informem tamb\u00e9 de la seva possibilitat de presentar una reclamaci\u00f3 davant l&#8217;Ag\u00e8ncia Espanyola de Protecci\u00f3 de Dades,&nbsp;<a href=\"http:\/\/www.apdcat.cat\/\" target=\"_blank\" rel=\"noreferrer noopener\">www.apdcat.cat<\/a>, si considera que el tractament no s&#8217;ajusta a la normativa vigent.<\/p>\n\n\n\n<p>EGD LOGISTICS, S.L. declara tenir implementades les mesures de seguretat d&#8217;\u00edndole t\u00e8cnica i organitzativa necess\u00e0ries que garanteixin la seguretat de les dades i evitin la seva alteraci\u00f3, p\u00e8rdua, tractament o acc\u00e9s no autoritzat, tenint en compte de l&#8217;estat de la tecnologia, la naturalesa de les dades emmagatzemades i els riscos al fet que estan exposats, ja provinguin de l&#8217;acci\u00f3 humana o del medi f\u00edsic o natural.<\/p>\n\n\n\n<p>Per a protegir la intimitat dels USUARIS, queda prohibit l&#8217;enviament de qualsevol dada referent a la seva ideologia, religi\u00f3, creences, origen racial, salut, i vida sexual a trav\u00e9s dels nostres formularis.<\/p>\n\n\n\n<p>Aix\u00ed mateix, l&#8217;informem que, en cap cas, es realitzaran decisions individuals automatitzades ni elaboraci\u00f3 de perfils.<\/p>\n\n\n\n<p>Aquesta declaraci\u00f3 de privacitat es regeix per la Llei espanyola. Per tant, les parts se sotmeten, a la seva elecci\u00f3, per a la resoluci\u00f3 de conflictes i amb ren\u00fancia expressa a qualsevol altre fur, als jutjats i tribunals de la ciutat de Barcelona.<\/p>\n\n\n\n<p>A m\u00e9s, li recordem que pot accedir a la plataforma de resoluci\u00f3 de litigis en l\u00ednia de la Uni\u00f3 Europea seguint aquest enlla\u00e7:&nbsp;<a href=\"https:\/\/ec.europa.eu\/consumers\/odr\/main\/?event=main.home2.show\">https:\/\/ec.europa.eu\/consumers\/odr\/main\/?event=main.home2.show<\/a><\/p>\n","protected":false},"excerpt":{"rendered":"<p>Pol\u00edtica de privacitat La p\u00e0gina web&nbsp;www.egdlogistics.com&nbsp;obt\u00e9 dades de car\u00e0cter personal a trav\u00e9s dels formularis de contacte de la p\u00e0gina web, d&#8217;aquelles persones que remetin alguna consulta, sol\u00b7licitud i\/o comentari, aix\u00ed com a trav\u00e9s de les cookies t\u00e8cniques i de tercers que existeixen en la p\u00e0gina web. Tota aquesta informaci\u00f3 remesa a trav\u00e9s dels formularis de &#8230; <a title=\"Pol\u00edtica de privacitat\" class=\"read-more\" href=\"https:\/\/egdlogistics.com\/ca\/politica-de-privacitat\/\" aria-label=\"M\u00e9s informaci\u00f3 sobre Pol\u00edtica de privacitat\">Llegiu m\u00e9s<\/a><\/p>\n","protected":false},"author":1,"featured_media":0,"parent":0,"menu_order":0,"comment_status":"closed","ping_status":"closed","template":"","meta":{"footnotes":""},"class_list":["post-556","page","type-page","status-publish"],"yoast_head":"<!-- This site is optimized with the Yoast SEO plugin v25.4 - https:\/\/yoast.com\/wordpress\/plugins\/seo\/ -->\n<title>Pol\u00edtica de privacitat - EGD Logistics<\/title>\n<meta name=\"robots\" content=\"index, follow, max-snippet:-1, max-image-preview:large, max-video-preview:-1\" \/>\n<link rel=\"canonical\" href=\"https:\/\/egdlogistics.com\/ca\/politica-de-privacitat\/\" \/>\n<meta property=\"og:locale\" content=\"ca_ES\" \/>\n<meta property=\"og:type\" content=\"article\" \/>\n<meta property=\"og:title\" content=\"Pol\u00edtica de privacitat - EGD Logistics\" \/>\n<meta property=\"og:description\" content=\"Pol\u00edtica de privacitat La p\u00e0gina web&nbsp;www.egdlogistics.com&nbsp;obt\u00e9 dades de car\u00e0cter personal a trav\u00e9s dels formularis de contacte de la p\u00e0gina web, d&#8217;aquelles persones que remetin alguna consulta, sol\u00b7licitud i\/o comentari, aix\u00ed com a trav\u00e9s de les cookies t\u00e8cniques i de tercers que existeixen en la p\u00e0gina web. Tota aquesta informaci\u00f3 remesa a trav\u00e9s dels formularis de ... Llegiu m\u00e9s\" \/>\n<meta property=\"og:url\" content=\"https:\/\/egdlogistics.com\/ca\/politica-de-privacitat\/\" \/>\n<meta property=\"og:site_name\" content=\"EGD Logistics\" \/>\n<meta property=\"article:modified_time\" content=\"2022-02-16T12:58:50+00:00\" \/>\n<meta name=\"twitter:card\" content=\"summary_large_image\" \/>\n<meta name=\"twitter:label1\" content=\"Temps estimat de lectura\" \/>\n\t<meta name=\"twitter:data1\" content=\"4 minuts\" \/>\n<script type=\"application\/ld+json\" class=\"yoast-schema-graph\">{\"@context\":\"https:\/\/schema.org\",\"@graph\":[{\"@type\":\"WebPage\",\"@id\":\"https:\/\/egdlogistics.com\/ca\/politica-de-privacitat\/\",\"url\":\"https:\/\/egdlogistics.com\/ca\/politica-de-privacitat\/\",\"name\":\"Pol\u00edtica de privacitat - EGD Logistics\",\"isPartOf\":{\"@id\":\"https:\/\/egdlogistics.com\/ca\/#website\"},\"datePublished\":\"2021-12-23T13:55:49+00:00\",\"dateModified\":\"2022-02-16T12:58:50+00:00\",\"breadcrumb\":{\"@id\":\"https:\/\/egdlogistics.com\/ca\/politica-de-privacitat\/#breadcrumb\"},\"inLanguage\":\"ca\",\"potentialAction\":[{\"@type\":\"ReadAction\",\"target\":[\"https:\/\/egdlogistics.com\/ca\/politica-de-privacitat\/\"]}]},{\"@type\":\"BreadcrumbList\",\"@id\":\"https:\/\/egdlogistics.com\/ca\/politica-de-privacitat\/#breadcrumb\",\"itemListElement\":[{\"@type\":\"ListItem\",\"position\":1,\"name\":\"Portada\",\"item\":\"https:\/\/egdlogistics.com\/ca\/\"},{\"@type\":\"ListItem\",\"position\":2,\"name\":\"Pol\u00edtica de privacitat\"}]},{\"@type\":\"WebSite\",\"@id\":\"https:\/\/egdlogistics.com\/ca\/#website\",\"url\":\"https:\/\/egdlogistics.com\/ca\/\",\"name\":\"EGD Logistics\",\"description\":\"EGD Logistics\",\"publisher\":{\"@id\":\"https:\/\/egdlogistics.com\/ca\/#organization\"},\"potentialAction\":[{\"@type\":\"SearchAction\",\"target\":{\"@type\":\"EntryPoint\",\"urlTemplate\":\"https:\/\/egdlogistics.com\/ca\/?s={search_term_string}\"},\"query-input\":{\"@type\":\"PropertyValueSpecification\",\"valueRequired\":true,\"valueName\":\"search_term_string\"}}],\"inLanguage\":\"ca\"},{\"@type\":\"Organization\",\"@id\":\"https:\/\/egdlogistics.com\/ca\/#organization\",\"name\":\"EGD Logistics\",\"url\":\"https:\/\/egdlogistics.com\/ca\/\",\"logo\":{\"@type\":\"ImageObject\",\"inLanguage\":\"ca\",\"@id\":\"https:\/\/egdlogistics.com\/ca\/#\/schema\/logo\/image\/\",\"url\":\"https:\/\/egdlogistics.com\/wp-content\/uploads\/2021\/12\/cropped-favicon-1.png\",\"contentUrl\":\"https:\/\/egdlogistics.com\/wp-content\/uploads\/2021\/12\/cropped-favicon-1.png\",\"width\":512,\"height\":512,\"caption\":\"EGD Logistics\"},\"image\":{\"@id\":\"https:\/\/egdlogistics.com\/ca\/#\/schema\/logo\/image\/\"}}]}<\/script>\n<!-- \/ Yoast SEO plugin. -->","yoast_head_json":{"title":"Pol\u00edtica de privacitat - EGD Logistics","robots":{"index":"index","follow":"follow","max-snippet":"max-snippet:-1","max-image-preview":"max-image-preview:large","max-video-preview":"max-video-preview:-1"},"canonical":"https:\/\/egdlogistics.com\/ca\/politica-de-privacitat\/","og_locale":"ca_ES","og_type":"article","og_title":"Pol\u00edtica de privacitat - EGD Logistics","og_description":"Pol\u00edtica de privacitat La p\u00e0gina web&nbsp;www.egdlogistics.com&nbsp;obt\u00e9 dades de car\u00e0cter personal a trav\u00e9s dels formularis de contacte de la p\u00e0gina web, d&#8217;aquelles persones que remetin alguna consulta, sol\u00b7licitud i\/o comentari, aix\u00ed com a trav\u00e9s de les cookies t\u00e8cniques i de tercers que existeixen en la p\u00e0gina web. Tota aquesta informaci\u00f3 remesa a trav\u00e9s dels formularis de ... Llegiu m\u00e9s","og_url":"https:\/\/egdlogistics.com\/ca\/politica-de-privacitat\/","og_site_name":"EGD Logistics","article_modified_time":"2022-02-16T12:58:50+00:00","twitter_card":"summary_large_image","twitter_misc":{"Temps estimat de lectura":"4 minuts"},"schema":{"@context":"https:\/\/schema.org","@graph":[{"@type":"WebPage","@id":"https:\/\/egdlogistics.com\/ca\/politica-de-privacitat\/","url":"https:\/\/egdlogistics.com\/ca\/politica-de-privacitat\/","name":"Pol\u00edtica de privacitat - EGD Logistics","isPartOf":{"@id":"https:\/\/egdlogistics.com\/ca\/#website"},"datePublished":"2021-12-23T13:55:49+00:00","dateModified":"2022-02-16T12:58:50+00:00","breadcrumb":{"@id":"https:\/\/egdlogistics.com\/ca\/politica-de-privacitat\/#breadcrumb"},"inLanguage":"ca","potentialAction":[{"@type":"ReadAction","target":["https:\/\/egdlogistics.com\/ca\/politica-de-privacitat\/"]}]},{"@type":"BreadcrumbList","@id":"https:\/\/egdlogistics.com\/ca\/politica-de-privacitat\/#breadcrumb","itemListElement":[{"@type":"ListItem","position":1,"name":"Portada","item":"https:\/\/egdlogistics.com\/ca\/"},{"@type":"ListItem","position":2,"name":"Pol\u00edtica de privacitat"}]},{"@type":"WebSite","@id":"https:\/\/egdlogistics.com\/ca\/#website","url":"https:\/\/egdlogistics.com\/ca\/","name":"EGD Logistics","description":"EGD Logistics","publisher":{"@id":"https:\/\/egdlogistics.com\/ca\/#organization"},"potentialAction":[{"@type":"SearchAction","target":{"@type":"EntryPoint","urlTemplate":"https:\/\/egdlogistics.com\/ca\/?s={search_term_string}"},"query-input":{"@type":"PropertyValueSpecification","valueRequired":true,"valueName":"search_term_string"}}],"inLanguage":"ca"},{"@type":"Organization","@id":"https:\/\/egdlogistics.com\/ca\/#organization","name":"EGD Logistics","url":"https:\/\/egdlogistics.com\/ca\/","logo":{"@type":"ImageObject","inLanguage":"ca","@id":"https:\/\/egdlogistics.com\/ca\/#\/schema\/logo\/image\/","url":"https:\/\/egdlogistics.com\/wp-content\/uploads\/2021\/12\/cropped-favicon-1.png","contentUrl":"https:\/\/egdlogistics.com\/wp-content\/uploads\/2021\/12\/cropped-favicon-1.png","width":512,"height":512,"caption":"EGD Logistics"},"image":{"@id":"https:\/\/egdlogistics.com\/ca\/#\/schema\/logo\/image\/"}}]}},"_links":{"self":[{"href":"https:\/\/egdlogistics.com\/ca\/wp-json\/wp\/v2\/pages\/556","targetHints":{"allow":["GET"]}}],"collection":[{"href":"https:\/\/egdlogistics.com\/ca\/wp-json\/wp\/v2\/pages"}],"about":[{"href":"https:\/\/egdlogistics.com\/ca\/wp-json\/wp\/v2\/types\/page"}],"author":[{"embeddable":true,"href":"https:\/\/egdlogistics.com\/ca\/wp-json\/wp\/v2\/users\/1"}],"replies":[{"embeddable":true,"href":"https:\/\/egdlogistics.com\/ca\/wp-json\/wp\/v2\/comments?post=556"}],"version-history":[{"count":2,"href":"https:\/\/egdlogistics.com\/ca\/wp-json\/wp\/v2\/pages\/556\/revisions"}],"predecessor-version":[{"id":847,"href":"https:\/\/egdlogistics.com\/ca\/wp-json\/wp\/v2\/pages\/556\/revisions\/847"}],"wp:attachment":[{"href":"https:\/\/egdlogistics.com\/ca\/wp-json\/wp\/v2\/media?parent=556"}],"curies":[{"name":"wp","href":"https:\/\/api.w.org\/{rel}","templated":true}]}}