{"id":853,"date":"2022-02-16T13:55:03","date_gmt":"2022-02-16T13:55:03","guid":{"rendered":"https:\/\/egdlogistics.com\/?page_id=853"},"modified":"2022-02-16T14:04:20","modified_gmt":"2022-02-16T14:04:20","slug":"avis-legal","status":"publish","type":"page","link":"https:\/\/egdlogistics.com\/ca\/avis-legal\/","title":{"rendered":"Av\u00eds legal"},"content":{"rendered":"\n<h2 class=\"wp-block-heading\" id=\"avis-legal\">Av\u00eds legal<\/h2>\n\n\n\n<p>A l&#8217;efecte del que es preveu en la Llei 34\/2002 d&#8217;11 de juliol de Serveis de la Societat de la Informaci\u00f3 i del Comer\u00e7 Electr\u00f2nic, (d&#8217;ara endavant, la LSSICE), es posa en coneixement de l&#8217;usuari, (d&#8217;ara endavant, l&#8217;USUARI), que accedeix a aquesta p\u00e0gina web amb el domini, www.egdlogistics.com, (d&#8217;ara endavant, la p\u00e0gina web), la seg\u00fcent INFORMACI\u00d3 GENERAL SOBRE EL PRESTADOR DEL SERVEI:<\/p>\n\n\n\n<p>EGD LOGISTICS, S.L.<br>CIF: B-66587833<br>DOMICILI SOCIAL: Pol\u00edgon Les Arenelles Nau 6, Vila-rodona, 43814, Tarragona<br>EMAIL DE CONTACTE: marketing@egdlogistics.com<\/p>\n\n\n\n<p>Aix\u00ed mateix, EGD LOGISTICS, S.L. informa l&#8217;USUARI dels seg\u00fcents termes i condicions:<\/p>\n\n\n\n<h3 class=\"wp-block-heading\" id=\"1-condicions-generals-d-us-de-la-pagina-web\">1. Condicions generals d&#8217;\u00fas de la p\u00e0gina web<\/h3>\n\n\n\n<p>Els continguts, activitats comercials i serveis, en general, prestats a trav\u00e9s de la WEB estan sotmesos als termes i condicions previstes en aquest \u201cAv\u00eds Legal\u201d (d&#8217;ara endavant, l&#8217;AV\u00cdS) i compleixen amb la vigent legislaci\u00f3 espanyola, especialment, amb l&#8217;esmentada LSSICE, amb el Reglament (UE) 2016\/679 del Parlament Europeu i del Consell, de 27 d&#8217;abril de 2016, relatiu a la protecci\u00f3 de les persones f\u00edsiques pel que fa al tractament de dades personals i a la lliure circulaci\u00f3 d&#8217;aquestes dades (d&#8217;ara endavant, la RGPD) i la Llei org\u00e0nica 3\/2018 de 5 de desembre, de Protecci\u00f3 de Dades de Car\u00e0cter Personal i Garantia dels Drets Digitals (d&#8217;ara endavant, la LOPD GDD).<\/p>\n\n\n\n<p>En conseq\u00fc\u00e8ncia, el simple acc\u00e9s i utilitzaci\u00f3 de la WEB per qualsevol persona implica l&#8217;atribuci\u00f3 de la condici\u00f3 d&#8217;USUARI i l&#8217;acceptaci\u00f3 plena de tots els termes i condicions recollits en aquest AV\u00cdS des del mateix moment que s&#8217;accedeix a la WEB.<\/p>\n\n\n\n<p>L&#8217;acc\u00e9s a la WEB, aix\u00ed com la sol\u00b7licitud de tota mena d&#8217;informaci\u00f3 s\u00f3n totalment gratu\u00efts.<\/p>\n\n\n\n<h3 class=\"wp-block-heading\" id=\"2-tractament-de-les-dades-segons-les-finalitats\">2. Tractament de les dades segons les finalitats<\/h3>\n\n\n\n<p>EGD LOGISTICS, S.L. obt\u00e9 dades de car\u00e0cter personal a trav\u00e9s dels formularis de contacte de la web, d&#8217;aquelles persones que remetin alguna consulta, sol\u00b7licitud i\/o comentari.<\/p>\n\n\n\n<p>Les finalitats per a les quals es recapten aquestes dades s\u00f3n les de poder donar resposta a les seves consultes referents als serveis que oferim en relaci\u00f3 amb la inserci\u00f3 laboral, inclusi\u00f3 social i formaci\u00f3.<\/p>\n\n\n\n<p>A m\u00e9s, de la resposta puntual a les seves consultes, podrem, si ens autoritza a aix\u00f2, remetre-li informaci\u00f3 per mitjans electr\u00f2nics relacionada amb els nostres projectes.<\/p>\n\n\n\n<p>Les seves dades es conservaran durant el termini que consti Vost\u00e8 inscrit per a rebre la informaci\u00f3 sol\u00b7licitada, sent el seu consentiment revocable, aquest podr\u00e0 ser retirat en qualsevol moment a trav\u00e9s del link que acompanya cada enviament per a comunicar-nos la seva BAIXA o b\u00e9 a trav\u00e9s d&#8217;un correu electr\u00f2nic a l&#8217;adre\u00e7a&nbsp;www.egdlogistics.com. Des d&#8217;aquest moment, ja no rebr\u00e0 cap comunicaci\u00f3 per part nostra.<\/p>\n\n\n\n<p>No es procedir\u00e0 a la comunicaci\u00f3 ni cessi\u00f3 de les seves dades, en cap cas, tret que un organisme p\u00fablic el requereixi conforme a la Llei i exceptuant els encarregats de tractament que ens presten serveis relacionats amb els nostres sistemes d&#8217;informaci\u00f3.<\/p>\n\n\n\n<p>Vost\u00e8 t\u00e9 Dret a obtenir confirmaci\u00f3 sobre si estem tractant les seves dades personals, per tant, t\u00e9 dret a accedir a les seves dades personals (Dret d&#8217;Acc\u00e9s), t\u00e9 dret a rectificar les dades inexactes (Dret de Rectificaci\u00f3) o sol\u00b7licitar la seva supressi\u00f3 (Dret de supressi\u00f3) quan les dades ja no siguin necessaris, t\u00e9 dret a exercitar la seva oposici\u00f3 al tractament de dades (Dret d&#8217;oposici\u00f3), a exercitar el seu dret a la limitaci\u00f3 al tractament, aix\u00ed com tindr\u00e0 dret a la portabilitat de les seves dades, de ser el cas. Tot aix\u00f2 mitjan\u00e7ant escrit dirigit a les nostres adreces d&#8217;acc\u00e9s en&nbsp;Pol\u00edgon Les Arenelles Nau 6, Vila-rodona, 43814, Tarragona o b\u00e9 a trav\u00e9s del correu electr\u00f2nic&nbsp;www.egdlogistics.com de conformitat amb el procediment dels articles 15 a 23 del Reglament (UE) 2016\/679 del Parlament Europeu i del Consell, de 27 d&#8217;abril de 2016.<\/p>\n\n\n\n<p>EGD LOGISTICS, S.L., declara tenir implementades les mesures de seguretat d&#8217;\u00edndole t\u00e8cnica i organitzativa necess\u00e0ries que garanteixin la seguretat de les dades i evitin la seva alteraci\u00f3, p\u00e8rdua, tractament o acc\u00e9s no autoritzat, tenint en compte de l&#8217;estat de la tecnologia, la naturalesa de les dades emmagatzemades i els riscos al fet que estan exposats, ja provinguin de l&#8217;acci\u00f3 humana o del medi f\u00edsic o natural.<\/p>\n\n\n\n<p>Per a protegir la intimitat dels USUARIS, queda prohibit l&#8217;enviament de qualsevol dada referent a la seva ideologia, religi\u00f3, creences, origen racial, salut, i vida sexual a trav\u00e9s dels nostres formularis.<\/p>\n\n\n\n<h3 class=\"wp-block-heading\" id=\"3-politica-de-correus-comercials\">3. Pol\u00edtica de correus comercials<\/h3>\n\n\n\n<p>D&#8217;acord amb la LSSICE, EGD LOGISTICS, S.L. no realitza pr\u00e0ctiques de spam, per la qual cosa no envia correus comercials per via electr\u00f2nica que no hagin estat pr\u00e8viament sol\u00b7licitats o autoritzats per l&#8217;USUARI.<\/p>\n\n\n\n<p>Aix\u00ed mateix, s&#8217;informa l&#8217;USUARI que, d&#8217;acord amb la LSSICE, les seves dades poden ser utilitzats per a enviar-li correus comercials per via electr\u00f2nica, sempre que versin sobre les activitats i finalitats de l\u2019Associaci\u00f3. No obstant aix\u00f2, l&#8217;USUARI o client podr\u00e0 oposar-se en qualsevol moment a l&#8217;enviament d&#8217;aquests correus comercials mitjan\u00e7ant comunicaci\u00f3 escrita dirigida al domicili social de L&#8217;EGD LOGISTICS, S.L. o a l&#8217;adre\u00e7a de correu electr\u00f2nic que consten en la informaci\u00f3 general d&#8217;aquest AV\u00cdS.<\/p>\n\n\n\n<h3 class=\"wp-block-heading\" id=\"4-enllacos-externs-links-o-enllacos\">4. Enlla\u00e7os externs, links o enlla\u00e7os<\/h3>\n\n\n\n<p>Des de la p\u00e0gina web de&nbsp;marketing@egdlogistics.com, a vegades, es podr\u00e0 accedir a altres p\u00e0gines web, a trav\u00e9s de links, o enlla\u00e7os. EGD LOGISTICS, S.L. no es fa responsable de l&#8217;estat de les pol\u00edtiques de seguretat, privacitat i protecci\u00f3 de dades de car\u00e0cter personal, recomanant als usuaris que, si accedeixen a aquestes p\u00e0gines, s&#8217;informin en primer lloc del contingut d&#8217;aquestes.<\/p>\n\n\n\n<p>Pel fet que EGD LOGISTICS, S.L. no t\u00e9 control sobre aquests llocs i recursos, l&#8217;usuari accepta i acorda que aquesta no ser\u00e0 responsable de la disponibilitat d&#8217;aquests llocs i recursos externs, i no els recolza ni \u00e9s responsable o t\u00e9 obligaci\u00f3 legal pel contingut, comercialitzaci\u00f3, productes o altres materials en els llocs o recursos, o disponibles des d&#8217;aquests. L&#8217;usuari accepta i acorda que EGD LOGISTICS, S.L. no ser\u00e0 responsable ni estar\u00e0 obligat, directament o indirectament, per cap mal o p\u00e8rdua causada per, o en connexi\u00f3 amb l&#8217;\u00fas o confian\u00e7a en qualsevol contingut, b\u00e9ns o serveis disponibles a trav\u00e9s de qualsevol lloc o recurs.<\/p>\n\n\n\n<p>EGD LOGISTICS, S.L. no garanteix l&#8217;acc\u00e9s continu als continguts de la seva p\u00e0gina Web, ni l&#8217;abs\u00e8ncia de virus i\/o altres components nocius en el web o en els seus servidors, ni tampoc la seva correcta visualitzaci\u00f3 o desc\u00e0rrega que pot veure&#8217;s impedida, dificultada o interrompuda per factors o circumst\u00e0ncies alienes a l&#8217;empresa.<\/p>\n\n\n\n<p>L&#8217;empresa no es responsabilitza de possibles danys o perjudicis produ\u00efts per interfer\u00e8ncies, interrupcions o desconnexions en el sistema que siguin aliens al seu control ni tampoc de possibles danys causats en el sistema inform\u00e0tic de l&#8217;usuari (maquinari i programari) a conseq\u00fc\u00e8ncia de l&#8217;acc\u00e9s a la web. Per tant, l&#8217;acc\u00e9s a la nostra p\u00e0gina web i la navegaci\u00f3 per la mateixa es fa sota la responsabilitat de l&#8217;usuari.<\/p>\n\n\n\n<h3 class=\"wp-block-heading\" id=\"5-informacio-sobre-recursos-tecnics\">5. Informaci\u00f3 sobre recursos t\u00e8cnics<\/h3>\n\n\n\n<p>EGD LOGISTICS, S.L. proporciona als Usuaris els recursos t\u00e8cnics adequats perqu\u00e8, amb car\u00e0cter previ, puguin accedir a aquest av\u00eds legal o a qualsevol altra informaci\u00f3 rellevant i puguin prestar el seu consentiment lliurement.<\/p>\n\n\n\n<h3 class=\"wp-block-heading\" id=\"6-responsabilitat\">6. Responsabilitat<\/h3>\n\n\n\n<p>EGD LOGISTICS, S.L. respecte a les informacions subministrades, contestacions a les consultes realitzades a trav\u00e9s dels apartats de contacte, en tant que totes les respostes donades als Usuaris a trav\u00e9s dels nostres serveis es basen en plantejaments argumentats pels Usuaris, moltes vegades sense coneixement de tots els elements necessaris no ser\u00e0 responsable, ni directa ni indirectament, dels perjudicis, reclamacions o possibles conseq\u00fc\u00e8ncies econ\u00f2miques que poguessin derivar-se a les persones f\u00edsiques o jur\u00eddiques que hagin contractat qualsevol dels serveis oferts, com a resultat d&#8217;alguna informaci\u00f3 facilitada pel nostre equip de professionals.<\/p>\n\n\n\n<h3 class=\"wp-block-heading\" id=\"7-drets-de-propietat-intel-lectual\">7. Drets De Propietat Intel\u00b7lectual<\/h3>\n\n\n\n<p>Els drets de propietat intel\u00b7lectual de qualsevol element publicat en el portal web pertanyen a EGD LOGISTICS, S.L. i no est\u00e0 autoritzat el seu \u00fas, reproducci\u00f3 o c\u00f2pia.<\/p>\n\n\n\n<h3 class=\"wp-block-heading\" id=\"8-limitacions-d-us\">8. Limitacions D&#8217;\u00das<\/h3>\n\n\n\n<p>Queda expressament prohibit reproduir, copiar, transformar, modificar o sota qualsevol procediment alterar la informaci\u00f3 continguda en els serveis, ja sigui de manera parcial o totalment, gratu\u00efta o onerosament. L&#8217;Usuari s&#8217;abstindr\u00e0 de demanar informaci\u00f3 sabent que ser\u00e0 utilitzada per tercers, i de permetre volunt\u00e0ria o negligentment que tercers facin semblants sol\u00b7licituds.<\/p>\n\n\n\n<h3 class=\"wp-block-heading\" id=\"9-submissio-expressa\">9. Submissi\u00f3 expressa<\/h3>\n\n\n\n<p>Per a la resoluci\u00f3 de qualsevol controv\u00e8rsia judicial derivada de la interpretaci\u00f3 i\/o compliment de les presents condicions generals les parts, amb ren\u00fancia a qualsevol altre fur general o especial que pogu\u00e9s correspondre&#8217;ls, se sotmeten als Jutjats i Tribunals de Barcelona.<\/p>\n\n\n\n<p>Data de l&#8217;\u00faltima publicaci\u00f3: 22 de gener de 2021<\/p>\n","protected":false},"excerpt":{"rendered":"<p>Av\u00eds legal A l&#8217;efecte del que es preveu en la Llei 34\/2002 d&#8217;11 de juliol de Serveis de la Societat de la Informaci\u00f3 i del Comer\u00e7 Electr\u00f2nic, (d&#8217;ara endavant, la LSSICE), es posa en coneixement de l&#8217;usuari, (d&#8217;ara endavant, l&#8217;USUARI), que accedeix a aquesta p\u00e0gina web amb el domini, www.egdlogistics.com, (d&#8217;ara endavant, la p\u00e0gina web), &#8230; <a title=\"Av\u00eds legal\" class=\"read-more\" href=\"https:\/\/egdlogistics.com\/ca\/avis-legal\/\" aria-label=\"M\u00e9s informaci\u00f3 sobre Av\u00eds legal\">Llegiu m\u00e9s<\/a><\/p>\n","protected":false},"author":1,"featured_media":0,"parent":0,"menu_order":0,"comment_status":"closed","ping_status":"closed","template":"","meta":{"footnotes":""},"class_list":["post-853","page","type-page","status-publish"],"yoast_head":"<!-- This site is optimized with the Yoast SEO plugin v25.4 - https:\/\/yoast.com\/wordpress\/plugins\/seo\/ -->\n<title>Av\u00eds legal - EGD Logistics<\/title>\n<meta name=\"robots\" content=\"index, follow, max-snippet:-1, max-image-preview:large, max-video-preview:-1\" \/>\n<link rel=\"canonical\" href=\"https:\/\/egdlogistics.com\/ca\/avis-legal\/\" \/>\n<meta property=\"og:locale\" content=\"ca_ES\" \/>\n<meta property=\"og:type\" content=\"article\" \/>\n<meta property=\"og:title\" content=\"Av\u00eds legal - EGD Logistics\" \/>\n<meta property=\"og:description\" content=\"Av\u00eds legal A l&#8217;efecte del que es preveu en la Llei 34\/2002 d&#8217;11 de juliol de Serveis de la Societat de la Informaci\u00f3 i del Comer\u00e7 Electr\u00f2nic, (d&#8217;ara endavant, la LSSICE), es posa en coneixement de l&#8217;usuari, (d&#8217;ara endavant, l&#8217;USUARI), que accedeix a aquesta p\u00e0gina web amb el domini, www.egdlogistics.com, (d&#8217;ara endavant, la p\u00e0gina web), ... Llegiu m\u00e9s\" \/>\n<meta property=\"og:url\" content=\"https:\/\/egdlogistics.com\/ca\/avis-legal\/\" \/>\n<meta property=\"og:site_name\" content=\"EGD Logistics\" \/>\n<meta property=\"article:modified_time\" content=\"2022-02-16T14:04:20+00:00\" \/>\n<meta name=\"twitter:card\" content=\"summary_large_image\" \/>\n<meta name=\"twitter:label1\" content=\"Temps estimat de lectura\" \/>\n\t<meta name=\"twitter:data1\" content=\"7 minuts\" \/>\n<script type=\"application\/ld+json\" class=\"yoast-schema-graph\">{\"@context\":\"https:\/\/schema.org\",\"@graph\":[{\"@type\":\"WebPage\",\"@id\":\"https:\/\/egdlogistics.com\/ca\/avis-legal\/\",\"url\":\"https:\/\/egdlogistics.com\/ca\/avis-legal\/\",\"name\":\"Av\u00eds legal - EGD Logistics\",\"isPartOf\":{\"@id\":\"https:\/\/egdlogistics.com\/ca\/#website\"},\"datePublished\":\"2022-02-16T13:55:03+00:00\",\"dateModified\":\"2022-02-16T14:04:20+00:00\",\"breadcrumb\":{\"@id\":\"https:\/\/egdlogistics.com\/ca\/avis-legal\/#breadcrumb\"},\"inLanguage\":\"ca\",\"potentialAction\":[{\"@type\":\"ReadAction\",\"target\":[\"https:\/\/egdlogistics.com\/ca\/avis-legal\/\"]}]},{\"@type\":\"BreadcrumbList\",\"@id\":\"https:\/\/egdlogistics.com\/ca\/avis-legal\/#breadcrumb\",\"itemListElement\":[{\"@type\":\"ListItem\",\"position\":1,\"name\":\"Portada\",\"item\":\"https:\/\/egdlogistics.com\/ca\/\"},{\"@type\":\"ListItem\",\"position\":2,\"name\":\"Av\u00eds legal\"}]},{\"@type\":\"WebSite\",\"@id\":\"https:\/\/egdlogistics.com\/ca\/#website\",\"url\":\"https:\/\/egdlogistics.com\/ca\/\",\"name\":\"EGD Logistics\",\"description\":\"EGD Logistics\",\"publisher\":{\"@id\":\"https:\/\/egdlogistics.com\/ca\/#organization\"},\"potentialAction\":[{\"@type\":\"SearchAction\",\"target\":{\"@type\":\"EntryPoint\",\"urlTemplate\":\"https:\/\/egdlogistics.com\/ca\/?s={search_term_string}\"},\"query-input\":{\"@type\":\"PropertyValueSpecification\",\"valueRequired\":true,\"valueName\":\"search_term_string\"}}],\"inLanguage\":\"ca\"},{\"@type\":\"Organization\",\"@id\":\"https:\/\/egdlogistics.com\/ca\/#organization\",\"name\":\"EGD Logistics\",\"url\":\"https:\/\/egdlogistics.com\/ca\/\",\"logo\":{\"@type\":\"ImageObject\",\"inLanguage\":\"ca\",\"@id\":\"https:\/\/egdlogistics.com\/ca\/#\/schema\/logo\/image\/\",\"url\":\"https:\/\/egdlogistics.com\/wp-content\/uploads\/2021\/12\/cropped-favicon-1.png\",\"contentUrl\":\"https:\/\/egdlogistics.com\/wp-content\/uploads\/2021\/12\/cropped-favicon-1.png\",\"width\":512,\"height\":512,\"caption\":\"EGD Logistics\"},\"image\":{\"@id\":\"https:\/\/egdlogistics.com\/ca\/#\/schema\/logo\/image\/\"}}]}<\/script>\n<!-- \/ Yoast SEO plugin. -->","yoast_head_json":{"title":"Av\u00eds legal - EGD Logistics","robots":{"index":"index","follow":"follow","max-snippet":"max-snippet:-1","max-image-preview":"max-image-preview:large","max-video-preview":"max-video-preview:-1"},"canonical":"https:\/\/egdlogistics.com\/ca\/avis-legal\/","og_locale":"ca_ES","og_type":"article","og_title":"Av\u00eds legal - EGD Logistics","og_description":"Av\u00eds legal A l&#8217;efecte del que es preveu en la Llei 34\/2002 d&#8217;11 de juliol de Serveis de la Societat de la Informaci\u00f3 i del Comer\u00e7 Electr\u00f2nic, (d&#8217;ara endavant, la LSSICE), es posa en coneixement de l&#8217;usuari, (d&#8217;ara endavant, l&#8217;USUARI), que accedeix a aquesta p\u00e0gina web amb el domini, www.egdlogistics.com, (d&#8217;ara endavant, la p\u00e0gina web), ... Llegiu m\u00e9s","og_url":"https:\/\/egdlogistics.com\/ca\/avis-legal\/","og_site_name":"EGD Logistics","article_modified_time":"2022-02-16T14:04:20+00:00","twitter_card":"summary_large_image","twitter_misc":{"Temps estimat de lectura":"7 minuts"},"schema":{"@context":"https:\/\/schema.org","@graph":[{"@type":"WebPage","@id":"https:\/\/egdlogistics.com\/ca\/avis-legal\/","url":"https:\/\/egdlogistics.com\/ca\/avis-legal\/","name":"Av\u00eds legal - EGD Logistics","isPartOf":{"@id":"https:\/\/egdlogistics.com\/ca\/#website"},"datePublished":"2022-02-16T13:55:03+00:00","dateModified":"2022-02-16T14:04:20+00:00","breadcrumb":{"@id":"https:\/\/egdlogistics.com\/ca\/avis-legal\/#breadcrumb"},"inLanguage":"ca","potentialAction":[{"@type":"ReadAction","target":["https:\/\/egdlogistics.com\/ca\/avis-legal\/"]}]},{"@type":"BreadcrumbList","@id":"https:\/\/egdlogistics.com\/ca\/avis-legal\/#breadcrumb","itemListElement":[{"@type":"ListItem","position":1,"name":"Portada","item":"https:\/\/egdlogistics.com\/ca\/"},{"@type":"ListItem","position":2,"name":"Av\u00eds legal"}]},{"@type":"WebSite","@id":"https:\/\/egdlogistics.com\/ca\/#website","url":"https:\/\/egdlogistics.com\/ca\/","name":"EGD Logistics","description":"EGD Logistics","publisher":{"@id":"https:\/\/egdlogistics.com\/ca\/#organization"},"potentialAction":[{"@type":"SearchAction","target":{"@type":"EntryPoint","urlTemplate":"https:\/\/egdlogistics.com\/ca\/?s={search_term_string}"},"query-input":{"@type":"PropertyValueSpecification","valueRequired":true,"valueName":"search_term_string"}}],"inLanguage":"ca"},{"@type":"Organization","@id":"https:\/\/egdlogistics.com\/ca\/#organization","name":"EGD Logistics","url":"https:\/\/egdlogistics.com\/ca\/","logo":{"@type":"ImageObject","inLanguage":"ca","@id":"https:\/\/egdlogistics.com\/ca\/#\/schema\/logo\/image\/","url":"https:\/\/egdlogistics.com\/wp-content\/uploads\/2021\/12\/cropped-favicon-1.png","contentUrl":"https:\/\/egdlogistics.com\/wp-content\/uploads\/2021\/12\/cropped-favicon-1.png","width":512,"height":512,"caption":"EGD Logistics"},"image":{"@id":"https:\/\/egdlogistics.com\/ca\/#\/schema\/logo\/image\/"}}]}},"_links":{"self":[{"href":"https:\/\/egdlogistics.com\/ca\/wp-json\/wp\/v2\/pages\/853","targetHints":{"allow":["GET"]}}],"collection":[{"href":"https:\/\/egdlogistics.com\/ca\/wp-json\/wp\/v2\/pages"}],"about":[{"href":"https:\/\/egdlogistics.com\/ca\/wp-json\/wp\/v2\/types\/page"}],"author":[{"embeddable":true,"href":"https:\/\/egdlogistics.com\/ca\/wp-json\/wp\/v2\/users\/1"}],"replies":[{"embeddable":true,"href":"https:\/\/egdlogistics.com\/ca\/wp-json\/wp\/v2\/comments?post=853"}],"version-history":[{"count":1,"href":"https:\/\/egdlogistics.com\/ca\/wp-json\/wp\/v2\/pages\/853\/revisions"}],"predecessor-version":[{"id":854,"href":"https:\/\/egdlogistics.com\/ca\/wp-json\/wp\/v2\/pages\/853\/revisions\/854"}],"wp:attachment":[{"href":"https:\/\/egdlogistics.com\/ca\/wp-json\/wp\/v2\/media?parent=853"}],"curies":[{"name":"wp","href":"https:\/\/api.w.org\/{rel}","templated":true}]}}